{"id":38,"date":"2025-11-03T11:02:30","date_gmt":"2025-11-03T14:02:30","guid":{"rendered":"http:\/\/tecnifoto.com.br\/?page_id=38"},"modified":"2025-11-03T15:39:06","modified_gmt":"2025-11-03T18:39:06","slug":"home","status":"publish","type":"page","link":"http:\/\/tecnifoto.com.br\/","title":{"rendered":"Home"},"content":{"rendered":"\t\t<div data-elementor-type=\"wp-page\" data-elementor-id=\"38\" class=\"elementor elementor-38\">\n\t\t\t\t<div class=\"elementor-element elementor-element-9c0a07b e-flex e-con-boxed e-con e-parent\" data-id=\"9c0a07b\" data-element_type=\"container\">\n\t\t\t\t\t<div class=\"e-con-inner\">\n\t\t<div class=\"elementor-element elementor-element-3ec35be e-con-full e-flex e-con e-child\" data-id=\"3ec35be\" data-element_type=\"container\">\n\t\t\t\t<div class=\"elementor-element elementor-element-7fdac2a elementor-widget__width-initial elementor-widget elementor-widget-image\" data-id=\"7fdac2a\" data-element_type=\"widget\" data-widget_type=\"image.default\">\n\t\t\t\t\t\t\t\t\t\t\t\t\t\t\t<img fetchpriority=\"high\" decoding=\"async\" width=\"800\" height=\"800\" src=\"http:\/\/tecnifoto.com.br\/wp-content\/uploads\/2025\/11\/roler-lado-sem-fundo-1024x1024.jpg\" class=\"attachment-large size-large wp-image-122\" alt=\"\" srcset=\"http:\/\/tecnifoto.com.br\/wp-content\/uploads\/2025\/11\/roler-lado-sem-fundo-1024x1024.jpg 1024w, http:\/\/tecnifoto.com.br\/wp-content\/uploads\/2025\/11\/roler-lado-sem-fundo-300x300.jpg 300w, http:\/\/tecnifoto.com.br\/wp-content\/uploads\/2025\/11\/roler-lado-sem-fundo-150x150.jpg 150w, http:\/\/tecnifoto.com.br\/wp-content\/uploads\/2025\/11\/roler-lado-sem-fundo-768x768.jpg 768w, http:\/\/tecnifoto.com.br\/wp-content\/uploads\/2025\/11\/roler-lado-sem-fundo-1536x1536.jpg 1536w, http:\/\/tecnifoto.com.br\/wp-content\/uploads\/2025\/11\/roler-lado-sem-fundo-2048x2048.jpg 2048w\" sizes=\"(max-width: 800px) 100vw, 800px\" \/>\t\t\t\t\t\t\t\t\t\t\t\t\t\t\t<\/div>\n\t\t\t\t<\/div>\n\t\t<div class=\"elementor-element elementor-element-660f358 e-con-full e-flex e-con e-child\" data-id=\"660f358\" data-element_type=\"container\">\n\t\t\t\t<div class=\"elementor-element elementor-element-6009ce4 elementor-widget elementor-widget-text-editor\" data-id=\"6009ce4\" data-element_type=\"widget\" data-widget_type=\"text-editor.default\">\n\t\t\t\t\t\t\t\t\t<p>A <strong>Tecnifoto<\/strong> \u00e9 uma das lojas mais tradicionais do setor fotogr\u00e1fico no Brasil, com quase <strong>50 anos de hist\u00f3ria<\/strong> dedicados \u00e0 fotografia e \u00e0 imagem. Fundada com o compromisso de oferecer produtos e servi\u00e7os de qualidade, a empresa acompanhou todas as transforma\u00e7\u00f5es tecnol\u00f3gicas do mercado \u2014 do filme anal\u00f3gico \u00e0s c\u00e2meras digitais e mirrorless. Ao longo de sua trajet\u00f3ria, a Tecnifoto conquistou a confian\u00e7a de profissionais e entusiastas por seu <strong>atendimento especializado<\/strong>, <strong>variedade de equipamentos<\/strong> e <strong>comprometimento com a excel\u00eancia<\/strong>. Hoje, continua sendo refer\u00eancia no ramo, mantendo viva a paix\u00e3o pela fotografia que inspirou sua funda\u00e7\u00e3o.<\/p>\t\t\t\t\t\t\t\t<\/div>\n\t\t\t\t<\/div>\n\t\t\t\t\t<\/div>\n\t\t\t\t<\/div>\n\t\t\t\t<\/div>\n\t\t","protected":false},"excerpt":{"rendered":"<p>A Tecnifoto \u00e9 uma das lojas mais tradicionais do setor fotogr\u00e1fico no Brasil, com quase 50 anos de hist\u00f3ria dedicados \u00e0 fotografia e \u00e0 imagem. Fundada com o compromisso de oferecer produtos e servi\u00e7os de qualidade, a empresa acompanhou todas as transforma\u00e7\u00f5es tecnol\u00f3gicas do mercado \u2014 do filme anal\u00f3gico \u00e0s c\u00e2meras digitais e mirrorless. Ao [&hellip;]<\/p>\n","protected":false},"author":1,"featured_media":0,"parent":0,"menu_order":0,"comment_status":"closed","ping_status":"closed","template":"elementor_header_footer","meta":{"footnotes":""},"class_list":["post-38","page","type-page","status-publish","hentry"],"yoast_head":"<!-- This site is optimized with the Yoast SEO plugin v26.1.1 - https:\/\/yoast.com\/wordpress\/plugins\/seo\/ -->\n<title>Home - Wordpress<\/title>\n<meta name=\"robots\" content=\"index, follow, max-snippet:-1, max-image-preview:large, max-video-preview:-1\" \/>\n<link rel=\"canonical\" href=\"https:\/\/tecnifoto.com.br\/\" \/>\n<meta property=\"og:locale\" content=\"en_US\" \/>\n<meta property=\"og:type\" content=\"article\" \/>\n<meta property=\"og:title\" content=\"Home - Wordpress\" \/>\n<meta property=\"og:description\" content=\"A Tecnifoto \u00e9 uma das lojas mais tradicionais do setor fotogr\u00e1fico no Brasil, com quase 50 anos de hist\u00f3ria dedicados \u00e0 fotografia e \u00e0 imagem. Fundada com o compromisso de oferecer produtos e servi\u00e7os de qualidade, a empresa acompanhou todas as transforma\u00e7\u00f5es tecnol\u00f3gicas do mercado \u2014 do filme anal\u00f3gico \u00e0s c\u00e2meras digitais e mirrorless. Ao [&hellip;]\" \/>\n<meta property=\"og:url\" content=\"https:\/\/tecnifoto.com.br\/\" \/>\n<meta property=\"og:site_name\" content=\"Wordpress\" \/>\n<meta property=\"article:modified_time\" content=\"2025-11-03T18:39:06+00:00\" \/>\n<meta property=\"og:image\" content=\"http:\/\/tecnifoto.com.br\/wp-content\/uploads\/2025\/11\/roler-lado-sem-fundo-1024x1024.jpg\" \/>\n<meta name=\"twitter:card\" content=\"summary_large_image\" \/>\n<meta name=\"twitter:label1\" content=\"Est. reading time\" \/>\n\t<meta name=\"twitter:data1\" content=\"1 minute\" \/>\n<script type=\"application\/ld+json\" class=\"yoast-schema-graph\">{\"@context\":\"https:\/\/schema.org\",\"@graph\":[{\"@type\":\"WebPage\",\"@id\":\"https:\/\/tecnifoto.com.br\/\",\"url\":\"https:\/\/tecnifoto.com.br\/\",\"name\":\"Home - Wordpress\",\"isPartOf\":{\"@id\":\"https:\/\/tecnifoto.com.br\/#website\"},\"primaryImageOfPage\":{\"@id\":\"https:\/\/tecnifoto.com.br\/#primaryimage\"},\"image\":{\"@id\":\"https:\/\/tecnifoto.com.br\/#primaryimage\"},\"thumbnailUrl\":\"http:\/\/tecnifoto.com.br\/wp-content\/uploads\/2025\/11\/roler-lado-sem-fundo-1024x1024.jpg\",\"datePublished\":\"2025-11-03T14:02:30+00:00\",\"dateModified\":\"2025-11-03T18:39:06+00:00\",\"breadcrumb\":{\"@id\":\"https:\/\/tecnifoto.com.br\/#breadcrumb\"},\"inLanguage\":\"en-US\",\"potentialAction\":[{\"@type\":\"ReadAction\",\"target\":[\"https:\/\/tecnifoto.com.br\/\"]}]},{\"@type\":\"ImageObject\",\"inLanguage\":\"en-US\",\"@id\":\"https:\/\/tecnifoto.com.br\/#primaryimage\",\"url\":\"http:\/\/tecnifoto.com.br\/wp-content\/uploads\/2025\/11\/roler-lado-sem-fundo.jpg\",\"contentUrl\":\"http:\/\/tecnifoto.com.br\/wp-content\/uploads\/2025\/11\/roler-lado-sem-fundo.jpg\",\"width\":2396,\"height\":2396},{\"@type\":\"BreadcrumbList\",\"@id\":\"https:\/\/tecnifoto.com.br\/#breadcrumb\",\"itemListElement\":[{\"@type\":\"ListItem\",\"position\":1,\"name\":\"Home\",\"item\":\"https:\/\/tecnifoto.com.br\/\"},{\"@type\":\"ListItem\",\"position\":2,\"name\":\"Home\"}]},{\"@type\":\"WebSite\",\"@id\":\"https:\/\/tecnifoto.com.br\/#website\",\"url\":\"https:\/\/tecnifoto.com.br\/\",\"name\":\"Wordpress\",\"description\":\"\",\"potentialAction\":[{\"@type\":\"SearchAction\",\"target\":{\"@type\":\"EntryPoint\",\"urlTemplate\":\"https:\/\/tecnifoto.com.br\/?s={search_term_string}\"},\"query-input\":{\"@type\":\"PropertyValueSpecification\",\"valueRequired\":true,\"valueName\":\"search_term_string\"}}],\"inLanguage\":\"en-US\"}]}<\/script>\n<!-- \/ Yoast SEO plugin. -->","yoast_head_json":{"title":"Home - Wordpress","robots":{"index":"index","follow":"follow","max-snippet":"max-snippet:-1","max-image-preview":"max-image-preview:large","max-video-preview":"max-video-preview:-1"},"canonical":"https:\/\/tecnifoto.com.br\/","og_locale":"en_US","og_type":"article","og_title":"Home - Wordpress","og_description":"A Tecnifoto \u00e9 uma das lojas mais tradicionais do setor fotogr\u00e1fico no Brasil, com quase 50 anos de hist\u00f3ria dedicados \u00e0 fotografia e \u00e0 imagem. Fundada com o compromisso de oferecer produtos e servi\u00e7os de qualidade, a empresa acompanhou todas as transforma\u00e7\u00f5es tecnol\u00f3gicas do mercado \u2014 do filme anal\u00f3gico \u00e0s c\u00e2meras digitais e mirrorless. Ao [&hellip;]","og_url":"https:\/\/tecnifoto.com.br\/","og_site_name":"Wordpress","article_modified_time":"2025-11-03T18:39:06+00:00","og_image":[{"url":"http:\/\/tecnifoto.com.br\/wp-content\/uploads\/2025\/11\/roler-lado-sem-fundo-1024x1024.jpg","type":"","width":"","height":""}],"twitter_card":"summary_large_image","twitter_misc":{"Est. reading time":"1 minute"},"schema":{"@context":"https:\/\/schema.org","@graph":[{"@type":"WebPage","@id":"https:\/\/tecnifoto.com.br\/","url":"https:\/\/tecnifoto.com.br\/","name":"Home - Wordpress","isPartOf":{"@id":"https:\/\/tecnifoto.com.br\/#website"},"primaryImageOfPage":{"@id":"https:\/\/tecnifoto.com.br\/#primaryimage"},"image":{"@id":"https:\/\/tecnifoto.com.br\/#primaryimage"},"thumbnailUrl":"http:\/\/tecnifoto.com.br\/wp-content\/uploads\/2025\/11\/roler-lado-sem-fundo-1024x1024.jpg","datePublished":"2025-11-03T14:02:30+00:00","dateModified":"2025-11-03T18:39:06+00:00","breadcrumb":{"@id":"https:\/\/tecnifoto.com.br\/#breadcrumb"},"inLanguage":"en-US","potentialAction":[{"@type":"ReadAction","target":["https:\/\/tecnifoto.com.br\/"]}]},{"@type":"ImageObject","inLanguage":"en-US","@id":"https:\/\/tecnifoto.com.br\/#primaryimage","url":"http:\/\/tecnifoto.com.br\/wp-content\/uploads\/2025\/11\/roler-lado-sem-fundo.jpg","contentUrl":"http:\/\/tecnifoto.com.br\/wp-content\/uploads\/2025\/11\/roler-lado-sem-fundo.jpg","width":2396,"height":2396},{"@type":"BreadcrumbList","@id":"https:\/\/tecnifoto.com.br\/#breadcrumb","itemListElement":[{"@type":"ListItem","position":1,"name":"Home","item":"https:\/\/tecnifoto.com.br\/"},{"@type":"ListItem","position":2,"name":"Home"}]},{"@type":"WebSite","@id":"https:\/\/tecnifoto.com.br\/#website","url":"https:\/\/tecnifoto.com.br\/","name":"Wordpress","description":"","potentialAction":[{"@type":"SearchAction","target":{"@type":"EntryPoint","urlTemplate":"https:\/\/tecnifoto.com.br\/?s={search_term_string}"},"query-input":{"@type":"PropertyValueSpecification","valueRequired":true,"valueName":"search_term_string"}}],"inLanguage":"en-US"}]}},"_links":{"self":[{"href":"http:\/\/tecnifoto.com.br\/index.php\/wp-json\/wp\/v2\/pages\/38","targetHints":{"allow":["GET"]}}],"collection":[{"href":"http:\/\/tecnifoto.com.br\/index.php\/wp-json\/wp\/v2\/pages"}],"about":[{"href":"http:\/\/tecnifoto.com.br\/index.php\/wp-json\/wp\/v2\/types\/page"}],"author":[{"embeddable":true,"href":"http:\/\/tecnifoto.com.br\/index.php\/wp-json\/wp\/v2\/users\/1"}],"replies":[{"embeddable":true,"href":"http:\/\/tecnifoto.com.br\/index.php\/wp-json\/wp\/v2\/comments?post=38"}],"version-history":[{"count":25,"href":"http:\/\/tecnifoto.com.br\/index.php\/wp-json\/wp\/v2\/pages\/38\/revisions"}],"predecessor-version":[{"id":149,"href":"http:\/\/tecnifoto.com.br\/index.php\/wp-json\/wp\/v2\/pages\/38\/revisions\/149"}],"wp:attachment":[{"href":"http:\/\/tecnifoto.com.br\/index.php\/wp-json\/wp\/v2\/media?parent=38"}],"curies":[{"name":"wp","href":"https:\/\/api.w.org\/{rel}","templated":true}]}}